{"id":5233,"date":"2024-10-02T21:52:19","date_gmt":"2024-10-02T21:52:19","guid":{"rendered":"https:\/\/vitcrop.co.cr\/?post_type=product&#038;p=5233"},"modified":"2026-01-18T12:22:20","modified_gmt":"2026-01-18T18:22:20","slug":"vainilla-en-polvo","status":"publish","type":"product","link":"https:\/\/vitcrop.co.cr\/en\/tienda\/vainilla-en-polvo\/","title":{"rendered":"Gourmet Vanilla Powder"},"content":{"rendered":"<p><span style=\"font-weight: 400;\">Our Vanilla Powder captures the concentrated essence of organic vanilla, delivering an intense, natural flavor with every use. Perfect for adding a gourmet touch to smoothies, desserts, coffee and more, its versatility and ease of use make it an essential ingredient in the kitchen. With no additives or preservatives, its dry format guarantees a long shelf life, maintaining freshness and aroma in every preparation.<\/span><\/p>","protected":false},"excerpt":{"rendered":"<p>Organic Vanilla Powder: intense and natural flavor in a versatile format. Ideal for smoothies, desserts and coffee, without additives and long lasting.<\/p>","protected":false},"featured_media":5456,"comment_status":"open","ping_status":"closed","template":"","meta":{"_uag_custom_page_level_css":"","site-sidebar-layout":"default","site-content-layout":"","ast-site-content-layout":"default","site-content-style":"default","site-sidebar-style":"default","ast-global-header-display":"","ast-banner-title-visibility":"","ast-main-header-display":"","ast-hfb-above-header-display":"","ast-hfb-below-header-display":"","ast-hfb-mobile-header-display":"","site-post-title":"","ast-breadcrumbs-content":"","ast-featured-img":"","footer-sml-layout":"","ast-disable-related-posts":"","theme-transparent-header-meta":"default","adv-header-id-meta":"","stick-header-meta":"","header-above-stick-meta":"","header-main-stick-meta":"","header-below-stick-meta":"","astra-migrate-meta-layouts":"set","ast-page-background-enabled":"default","ast-page-background-meta":{"desktop":{"background-color":"","background-image":"","background-repeat":"repeat","background-position":"center center","background-size":"auto","background-attachment":"scroll","background-type":"","background-media":"","overlay-type":"","overlay-color":"","overlay-opacity":"","overlay-gradient":""},"tablet":{"background-color":"","background-image":"","background-repeat":"repeat","background-position":"center center","background-size":"auto","background-attachment":"scroll","background-type":"","background-media":"","overlay-type":"","overlay-color":"","overlay-opacity":"","overlay-gradient":""},"mobile":{"background-color":"","background-image":"","background-repeat":"repeat","background-position":"center center","background-size":"auto","background-attachment":"scroll","background-type":"","background-media":"","overlay-type":"","overlay-color":"","overlay-opacity":"","overlay-gradient":""}},"ast-content-background-meta":{"desktop":{"background-color":"var(--ast-global-color-5)","background-image":"","background-repeat":"repeat","background-position":"center center","background-size":"auto","background-attachment":"scroll","background-type":"","background-media":"","overlay-type":"","overlay-color":"","overlay-opacity":"","overlay-gradient":""},"tablet":{"background-color":"var(--ast-global-color-5)","background-image":"","background-repeat":"repeat","background-position":"center center","background-size":"auto","background-attachment":"scroll","background-type":"","background-media":"","overlay-type":"","overlay-color":"","overlay-opacity":"","overlay-gradient":""},"mobile":{"background-color":"var(--ast-global-color-5)","background-image":"","background-repeat":"repeat","background-position":"center center","background-size":"auto","background-attachment":"scroll","background-type":"","background-media":"","overlay-type":"","overlay-color":"","overlay-opacity":"","overlay-gradient":""}},"_themeisle_gutenberg_block_has_review":false},"product_brand":[],"product_cat":[125],"product_tag":[],"class_list":{"0":"post-5233","1":"product","2":"type-product","3":"status-publish","4":"has-post-thumbnail","6":"product_cat-derivados-de-la-vainilla","7":"desktop-align-center","8":"tablet-align-center","9":"mobile-align-center","11":"first","12":"instock","13":"shipping-taxable","14":"purchasable","15":"product-type-simple"},"uagb_featured_image_src":{"full":["https:\/\/vitcrop.co.cr\/wp-content\/uploads\/2024\/10\/Vainilla-Gourmet-en-Polvo.jpg",230,219,false],"thumbnail":["https:\/\/vitcrop.co.cr\/wp-content\/uploads\/2024\/10\/Vainilla-Gourmet-en-Polvo-150x150.jpg",150,150,true],"medium":["https:\/\/vitcrop.co.cr\/wp-content\/uploads\/2024\/10\/Vainilla-Gourmet-en-Polvo.jpg",230,219,false],"medium_large":["https:\/\/vitcrop.co.cr\/wp-content\/uploads\/2024\/10\/Vainilla-Gourmet-en-Polvo.jpg",230,219,false],"large":["https:\/\/vitcrop.co.cr\/wp-content\/uploads\/2024\/10\/Vainilla-Gourmet-en-Polvo.jpg",230,219,false],"1536x1536":["https:\/\/vitcrop.co.cr\/wp-content\/uploads\/2024\/10\/Vainilla-Gourmet-en-Polvo.jpg",230,219,false],"2048x2048":["https:\/\/vitcrop.co.cr\/wp-content\/uploads\/2024\/10\/Vainilla-Gourmet-en-Polvo.jpg",230,219,false],"trp-custom-language-flag":["https:\/\/vitcrop.co.cr\/wp-content\/uploads\/2024\/10\/Vainilla-Gourmet-en-Polvo-13x12.jpg",13,12,true],"woocommerce_thumbnail":["https:\/\/vitcrop.co.cr\/wp-content\/uploads\/2024\/10\/Vainilla-Gourmet-en-Polvo.jpg",230,219,false],"woocommerce_single":["https:\/\/vitcrop.co.cr\/wp-content\/uploads\/2024\/10\/Vainilla-Gourmet-en-Polvo.jpg",230,219,false],"woocommerce_gallery_thumbnail":["https:\/\/vitcrop.co.cr\/wp-content\/uploads\/2024\/10\/Vainilla-Gourmet-en-Polvo-100x100.jpg",100,100,true]},"uagb_author_info":{"display_name":"r27hu57w3ar","author_link":"https:\/3acb20e1b6d1b2a8\/3acb20e1b6d1b2a8vitcrop.co.cr\/3acb20e1b6d1b2a8en\/3acb20e1b6d1b2a8author\/3acb20e1b6d1b2a8"},"uagb_comment_info":0,"uagb_excerpt":"Polvo de Vainilla org\u00e1nica: sabor intenso y natural en un formato vers\u00e1til. Ideal para batidos, postres y caf\u00e9, sin aditivos y de larga duraci\u00f3n.","_links":{"self":[{"href":"https:\/\/vitcrop.co.cr\/en\/wp-json\/wp\/v2\/product\/5233","targetHints":{"allow":["GET"]}}],"collection":[{"href":"https:\/\/vitcrop.co.cr\/en\/wp-json\/wp\/v2\/product"}],"about":[{"href":"https:\/\/vitcrop.co.cr\/en\/wp-json\/wp\/v2\/types\/product"}],"replies":[{"embeddable":true,"href":"https:\/\/vitcrop.co.cr\/en\/wp-json\/wp\/v2\/comments?post=5233"}],"wp:featuredmedia":[{"embeddable":true,"href":"https:\/\/vitcrop.co.cr\/en\/wp-json\/wp\/v2\/media\/5456"}],"wp:attachment":[{"href":"https:\/\/vitcrop.co.cr\/en\/wp-json\/wp\/v2\/media?parent=5233"}],"wp:term":[{"taxonomy":"product_brand","embeddable":true,"href":"https:\/\/vitcrop.co.cr\/en\/wp-json\/wp\/v2\/product_brand?post=5233"},{"taxonomy":"product_cat","embeddable":true,"href":"https:\/\/vitcrop.co.cr\/en\/wp-json\/wp\/v2\/product_cat?post=5233"},{"taxonomy":"product_tag","embeddable":true,"href":"https:\/\/vitcrop.co.cr\/en\/wp-json\/wp\/v2\/product_tag?post=5233"}],"curies":[{"name":"wp","href":"https:\/\/api.w.org\/{rel}","templated":true}]}}