{"id":5379,"date":"2024-10-26T21:13:19","date_gmt":"2024-10-26T21:13:19","guid":{"rendered":"https:\/\/vitcrop.co.cr\/?post_type=product&#038;p=5379"},"modified":"2026-02-10T23:24:02","modified_gmt":"2026-02-11T05:24:02","slug":"barras-de-cacao","status":"publish","type":"product","link":"https:\/\/vitcrop.co.cr\/en\/tienda\/barras-de-cacao\/","title":{"rendered":"Cocoa Bars"},"content":{"rendered":"<p><span style=\"font-weight: 400;\">Experience the pure essence of cocoa with our Pure Cocoa Bars, made with the highest quality organic cocoa beans. Each bar offers a deep, authentic flavor with a robust profile that highlights the natural notes of cocoa. Perfectly balanced in texture, our bars are ideal for those seeking an intense, uncomplicated cocoa experience. Free of additives and preservatives, each bar reflects the purity of cocoa in its purest form, providing an authentic and healthy treat for any time of the day.<\/span><\/p>","protected":false},"excerpt":{"rendered":"<p><span style=\"font-weight: 400;\">Experience the pure essence of cocoa with our Pure Cocoa Bars, made with the highest quality organic cocoa beans. Each bar offers a deep, authentic flavor with a robust profile that highlights the natural notes of cocoa. <\/span><\/p>","protected":false},"featured_media":5382,"comment_status":"open","ping_status":"closed","template":"","meta":{"_uag_custom_page_level_css":"","site-sidebar-layout":"default","site-content-layout":"","ast-site-content-layout":"default","site-content-style":"default","site-sidebar-style":"default","ast-global-header-display":"","ast-banner-title-visibility":"","ast-main-header-display":"","ast-hfb-above-header-display":"","ast-hfb-below-header-display":"","ast-hfb-mobile-header-display":"","site-post-title":"","ast-breadcrumbs-content":"","ast-featured-img":"","footer-sml-layout":"","ast-disable-related-posts":"","theme-transparent-header-meta":"default","adv-header-id-meta":"","stick-header-meta":"","header-above-stick-meta":"","header-main-stick-meta":"","header-below-stick-meta":"","astra-migrate-meta-layouts":"set","ast-page-background-enabled":"default","ast-page-background-meta":{"desktop":{"background-color":"","background-image":"","background-repeat":"repeat","background-position":"center center","background-size":"auto","background-attachment":"scroll","background-type":"","background-media":"","overlay-type":"","overlay-color":"","overlay-opacity":"","overlay-gradient":""},"tablet":{"background-color":"","background-image":"","background-repeat":"repeat","background-position":"center center","background-size":"auto","background-attachment":"scroll","background-type":"","background-media":"","overlay-type":"","overlay-color":"","overlay-opacity":"","overlay-gradient":""},"mobile":{"background-color":"","background-image":"","background-repeat":"repeat","background-position":"center center","background-size":"auto","background-attachment":"scroll","background-type":"","background-media":"","overlay-type":"","overlay-color":"","overlay-opacity":"","overlay-gradient":""}},"ast-content-background-meta":{"desktop":{"background-color":"var(--ast-global-color-5)","background-image":"","background-repeat":"repeat","background-position":"center center","background-size":"auto","background-attachment":"scroll","background-type":"","background-media":"","overlay-type":"","overlay-color":"","overlay-opacity":"","overlay-gradient":""},"tablet":{"background-color":"var(--ast-global-color-5)","background-image":"","background-repeat":"repeat","background-position":"center center","background-size":"auto","background-attachment":"scroll","background-type":"","background-media":"","overlay-type":"","overlay-color":"","overlay-opacity":"","overlay-gradient":""},"mobile":{"background-color":"var(--ast-global-color-5)","background-image":"","background-repeat":"repeat","background-position":"center center","background-size":"auto","background-attachment":"scroll","background-type":"","background-media":"","overlay-type":"","overlay-color":"","overlay-opacity":"","overlay-gradient":""}},"_themeisle_gutenberg_block_has_review":false},"product_brand":[],"product_cat":[126],"product_tag":[136],"class_list":{"0":"post-5379","1":"product","2":"type-product","3":"status-publish","4":"has-post-thumbnail","6":"product_cat-derivados-del-cacao","7":"product_tag-barras-de-cacao","8":"desktop-align-center","9":"tablet-align-center","10":"mobile-align-center","12":"first","13":"instock","14":"shipping-taxable","15":"purchasable","16":"product-type-simple"},"uagb_featured_image_src":{"full":["https:\/\/vitcrop.co.cr\/wp-content\/uploads\/2024\/10\/barras-de-cacao3.webp",2128,1416,false],"thumbnail":["https:\/\/vitcrop.co.cr\/wp-content\/uploads\/2024\/10\/barras-de-cacao3-150x150.webp",150,150,true],"medium":["https:\/\/vitcrop.co.cr\/wp-content\/uploads\/2024\/10\/barras-de-cacao3-300x200.webp",300,200,true],"medium_large":["https:\/\/vitcrop.co.cr\/wp-content\/uploads\/2024\/10\/barras-de-cacao3-768x511.webp",768,511,true],"large":["https:\/\/vitcrop.co.cr\/wp-content\/uploads\/2024\/10\/barras-de-cacao3-1024x681.webp",1024,681,true],"1536x1536":["https:\/\/vitcrop.co.cr\/wp-content\/uploads\/2024\/10\/barras-de-cacao3-1536x1022.webp",1536,1022,true],"2048x2048":["https:\/\/vitcrop.co.cr\/wp-content\/uploads\/2024\/10\/barras-de-cacao3-2048x1363.webp",2048,1363,true],"trp-custom-language-flag":["https:\/\/vitcrop.co.cr\/wp-content\/uploads\/2024\/10\/barras-de-cacao3-18x12.webp",18,12,true],"woocommerce_thumbnail":["https:\/\/vitcrop.co.cr\/wp-content\/uploads\/2024\/10\/barras-de-cacao3-300x300.webp",300,300,true],"woocommerce_single":["https:\/\/vitcrop.co.cr\/wp-content\/uploads\/2024\/10\/barras-de-cacao3-600x399.webp",600,399,true],"woocommerce_gallery_thumbnail":["https:\/\/vitcrop.co.cr\/wp-content\/uploads\/2024\/10\/barras-de-cacao3-100x100.webp",100,100,true]},"uagb_author_info":{"display_name":"r27hu57w3ar","author_link":"https:\/3acb20e1b6d1b2a8\/3acb20e1b6d1b2a8vitcrop.co.cr\/3acb20e1b6d1b2a8en\/3acb20e1b6d1b2a8author\/3acb20e1b6d1b2a8"},"uagb_comment_info":0,"uagb_excerpt":"Experimenta la esencia pura del cacao con nuestras Barras de Cacao Puro, elaboradas con granos de cacao org\u00e1nicos de la m\u00e1s alta calidad. Cada barra ofrece un sabor profundo y aut\u00e9ntico, con un perfil robusto que destaca las notas naturales del cacao.","_links":{"self":[{"href":"https:\/\/vitcrop.co.cr\/en\/wp-json\/wp\/v2\/product\/5379","targetHints":{"allow":["GET"]}}],"collection":[{"href":"https:\/\/vitcrop.co.cr\/en\/wp-json\/wp\/v2\/product"}],"about":[{"href":"https:\/\/vitcrop.co.cr\/en\/wp-json\/wp\/v2\/types\/product"}],"replies":[{"embeddable":true,"href":"https:\/\/vitcrop.co.cr\/en\/wp-json\/wp\/v2\/comments?post=5379"}],"wp:featuredmedia":[{"embeddable":true,"href":"https:\/\/vitcrop.co.cr\/en\/wp-json\/wp\/v2\/media\/5382"}],"wp:attachment":[{"href":"https:\/\/vitcrop.co.cr\/en\/wp-json\/wp\/v2\/media?parent=5379"}],"wp:term":[{"taxonomy":"product_brand","embeddable":true,"href":"https:\/\/vitcrop.co.cr\/en\/wp-json\/wp\/v2\/product_brand?post=5379"},{"taxonomy":"product_cat","embeddable":true,"href":"https:\/\/vitcrop.co.cr\/en\/wp-json\/wp\/v2\/product_cat?post=5379"},{"taxonomy":"product_tag","embeddable":true,"href":"https:\/\/vitcrop.co.cr\/en\/wp-json\/wp\/v2\/product_tag?post=5379"}],"curies":[{"name":"wp","href":"https:\/\/api.w.org\/{rel}","templated":true}]}}